{"id":11265,"date":"2021-06-09T10:49:06","date_gmt":"2021-06-09T10:49:06","guid":{"rendered":"https:\/\/www.expal.pt\/login\/"},"modified":"2021-12-15T11:09:59","modified_gmt":"2021-12-15T11:09:59","slug":"login","status":"publish","type":"page","link":"https:\/\/www.expal.pt\/en\/login\/","title":{"rendered":"Login"},"content":{"rendered":"\n<hr class=\"wp-block-separator\"\/>\n\n<div class=\"wp-block-file\"><a href=\"https:\/\/www.expal.pt\/wp-content\/uploads\/2021\/12\/catalogoPortoesCompactoPT2022-1.pdf\">Cat\u00e1logo Port\u00f5es 2022<\/a><a href=\"https:\/\/www.expal.pt\/wp-content\/uploads\/2021\/12\/catalogoPortoesCompactoPT2022-1.pdf\" class=\"wp-block-file__button\" download=\"\">Descarregar<\/a><\/div>\n\n<div class=\"wp-block-file\"><a href=\"https:\/\/www.expal.pt\/wp-content\/uploads\/2021\/12\/catalogoPortoesCompactoFR2022-1.pdf\">Catalogue Portail 2022 FR<\/a><a href=\"https:\/\/www.expal.pt\/wp-content\/uploads\/2021\/12\/catalogoPortoesCompactoFR2022-1.pdf\" class=\"wp-block-file__button\" download=\"\">Descarregar<\/a><\/div>\n\n<div class=\"wp-block-file\"><a href=\"https:\/\/www.expal.pt\/wp-content\/uploads\/2021\/12\/catalogoPortaPT2022.pdf\">Cat\u00e1logo Portas 2022<\/a><a href=\"https:\/\/www.expal.pt\/wp-content\/uploads\/2021\/12\/catalogoPortaPT2022.pdf\" class=\"wp-block-file__button\" download=\"\">Descarregar<\/a><\/div>\n\n<div class=\"wp-block-file\"><a href=\"https:\/\/www.expal.pt\/wp-content\/uploads\/2021\/12\/catalogoPortaFR2022.pdf\">Catalogue Portes d&#8217;Entr\u00e9e 2022 FR<\/a><a href=\"https:\/\/www.expal.pt\/wp-content\/uploads\/2021\/12\/catalogoPortaFR2022.pdf\" class=\"wp-block-file__button\" download=\"\">Descarregar<\/a><\/div>\n\n<div class=\"wp-block-file\"><a href=\"https:\/\/www.expal.pt\/wp-content\/uploads\/2021\/12\/catalogoPortadasPT2022.pdf\">Cat\u00e1logo Prote\u00e7\u00e3o Solar 2022<\/a><a href=\"https:\/\/www.expal.pt\/wp-content\/uploads\/2021\/12\/catalogoPortadasPT2022.pdf\" class=\"wp-block-file__button\" download=\"\">Descarregar<\/a><\/div>\n\n<div class=\"wp-block-file\"><a href=\"https:\/\/www.expal.pt\/wp-content\/uploads\/2021\/12\/catalogoPersianasFR2022.pdf\">Catalogue Protection Solaire 2022 FR<\/a><a href=\"https:\/\/www.expal.pt\/wp-content\/uploads\/2021\/12\/catalogoPersianasFR2022.pdf\" class=\"wp-block-file__button\" download=\"\">Descarregar<\/a><\/div>\n\n<div class=\"wp-block-file\"><a href=\"https:\/\/www.expal.pt\/wp-content\/uploads\/2021\/12\/flyersJanelasPT.pdf\">S\u00e9ries Janelas Expal 2022<\/a><a href=\"https:\/\/www.expal.pt\/wp-content\/uploads\/2021\/12\/flyersJanelasPT.pdf\" class=\"wp-block-file__button\" download=\"\">Descarregar<\/a><\/div>\n\n<div class=\"wp-block-file\"><a href=\"https:\/\/www.expal.pt\/wp-content\/uploads\/2021\/12\/flyersJanelasFR.pdf\">Fen\u00eatres Expal 2022<\/a><a href=\"https:\/\/www.expal.pt\/wp-content\/uploads\/2021\/12\/flyersJanelasFR.pdf\" class=\"wp-block-file__button\" download=\"\">Descarregar<\/a><\/div>\n\n<hr class=\"wp-block-separator\"\/>\n\n<h2 class=\"wp-block-heading\">Cat\u00e1logo Expal:<\/h2>\n<div class=\"_df_book df-lite\" id=\"df_11317\"  _slug=\"catalogo-expal-2\" data-title=\"catalogo-expal\" wpoptions=\"true\" thumbtype=\"\" ><\/div><script class=\"df-shortcode-script\" type=\"application\/javascript\">window.option_df_11317 = {\"outline\":[],\"autoEnableOutline\":\"false\",\"autoEnableThumbnail\":\"false\",\"overwritePDFOutline\":\"false\",\"direction\":\"1\",\"pageSize\":\"0\",\"pageMode\":\"2\",\"source\":\"https:\\\/\\\/www.expal.pt\\\/wp-content\\\/uploads\\\/2021\\\/12\\\/catalogoGeral2022VImp.pdf\",\"wpOptions\":\"true\"}; if(window.DFLIP && window.DFLIP.parseBooks){window.DFLIP.parseBooks();}<\/script>\n\n<hr class=\"wp-block-separator\"\/>\n\n<p class=\"has-text-align-center has-vivid-red-color has-text-color\"><a href=\"https:\/\/www.expal.pt\/logout\/\">SAIR (logout)<\/a><\/p>\n","protected":false},"excerpt":{"rendered":"<p>Cat\u00e1logo Expal: SAIR (logout)<\/p>\n","protected":false},"author":1,"featured_media":0,"parent":0,"menu_order":0,"comment_status":"closed","ping_status":"closed","template":"","meta":{"inline_featured_image":false,"footnotes":""},"class_list":["post-11265","page","type-page","status-publish","hentry"],"_links":{"self":[{"href":"https:\/\/www.expal.pt\/en\/wp-json\/wp\/v2\/pages\/11265","targetHints":{"allow":["GET"]}}],"collection":[{"href":"https:\/\/www.expal.pt\/en\/wp-json\/wp\/v2\/pages"}],"about":[{"href":"https:\/\/www.expal.pt\/en\/wp-json\/wp\/v2\/types\/page"}],"author":[{"embeddable":true,"href":"https:\/\/www.expal.pt\/en\/wp-json\/wp\/v2\/users\/1"}],"replies":[{"embeddable":true,"href":"https:\/\/www.expal.pt\/en\/wp-json\/wp\/v2\/comments?post=11265"}],"version-history":[{"count":0,"href":"https:\/\/www.expal.pt\/en\/wp-json\/wp\/v2\/pages\/11265\/revisions"}],"wp:attachment":[{"href":"https:\/\/www.expal.pt\/en\/wp-json\/wp\/v2\/media?parent=11265"}],"curies":[{"name":"wp","href":"https:\/\/api.w.org\/{rel}","templated":true}]}}