{"id":4245,"date":"2015-02-02T04:30:57","date_gmt":"2015-02-02T04:30:57","guid":{"rendered":"https:\/\/mago.pt\/expal\/company\/"},"modified":"2021-07-07T09:23:15","modified_gmt":"2021-07-07T09:23:15","slug":"company","status":"publish","type":"page","link":"https:\/\/www.expal.pt\/en\/company\/","title":{"rendered":"Company"},"content":{"rendered":"<p>[vc_row rt_row_background_width=&#8221;fullwidth&#8221; rt_row_content_width=&#8221;default&#8221; rt_row_style=&#8221;default-style&#8221; rt_row_borders=&#8221;&#8221; rt_row_paddings=&#8221;true&#8221; rt_bg_image=&#8221;3893&#8243; rt_bg_effect=&#8221;classic&#8221; rt_bg_image_repeat=&#8221;repeat&#8221; rt_bg_size=&#8221;cover&#8221; rt_bg_position=&#8221;center center&#8221; rt_bg_attachment=&#8221;scroll&#8221; rt_bg_video_format=&#8221;self-hosted&#8221; rt_padding_top=&#8221;100&#8243; rt_padding_bottom=&#8221;140&#8243;][vc_column rt_wrp_col_paddings=&#8221;false&#8221; rt_border_top=&#8221;&#8221; rt_border_bottom=&#8221;&#8221; rt_border_left=&#8221;&#8221; rt_border_right=&#8221;&#8221; rt_border_top_mobile=&#8221;&#8221; rt_border_bottom_mobile=&#8221;&#8221; rt_border_left_mobile=&#8221;&#8221; rt_border_right_mobile=&#8221;&#8221; rt_bg_image_repeat=&#8221;repeat&#8221; rt_bg_size=&#8221;auto auto&#8221; rt_bg_position=&#8221;right top&#8221; rt_bg_attachment=&#8221;scroll&#8221;]<div class=\"rt_heading_wrapper \">\n\t\t\t\t\t\t<h1 class=\"rt_heading  \" ><\/h1>\n\t\t\t\t\t<\/div>[\/vc_column][\/vc_row][vc_row rt_row_background_width=&#8221;default&#8221; rt_row_style=&#8221;default-style&#8221; rt_row_borders=&#8221;bottom&#8221; rt_overlap=&#8221;true&#8221; rt_row_paddings=&#8221;true&#8221; rt_bg_effect=&#8221;classic&#8221; rt_bg_image_repeat=&#8221;repeat&#8221; rt_bg_size=&#8221;cover&#8221; rt_bg_position=&#8221;right top&#8221; rt_bg_attachment=&#8221;scroll&#8221; rt_bg_video_format=&#8221;self-hosted&#8221;][vc_column rt_wrp_col_paddings=&#8221;false&#8221; rt_border_top=&#8221;&#8221; rt_border_bottom=&#8221;&#8221; rt_border_left=&#8221;&#8221; rt_border_right=&#8221;&#8221; rt_border_top_mobile=&#8221;&#8221; rt_border_bottom_mobile=&#8221;&#8221; rt_border_left_mobile=&#8221;&#8221; rt_border_right_mobile=&#8221;&#8221; rt_bg_image_repeat=&#8221;repeat&#8221; rt_bg_size=&#8221;auto auto&#8221; rt_bg_position=&#8221;right top&#8221; rt_bg_attachment=&#8221;scroll&#8221;]<div class=\"rt_heading_wrapper style-1\">\n\t\t\t\t\t\t<h4 class=\"rt_heading  style-1\" >Quem Somos<\/h4>\n\t\t\t\t\t<\/div>[vc_column_text]<span style=\"font-weight: 400;\">For more than 30 years we have designed, produced and provided doors, gates and a wide range of metal products that are solutions for opening and closing spans in construction works. We strive on a daily basis for our products to perform better, supported by the development of product engineering and the quality of the materials we carefully select, seeking to give them robustness at a competitive price and adjusted to the markets where we are present.<\/span><\/p>\n<p><span style=\"font-weight: 400;\">We offer a wide range of solutions, customizable and admittedly easy to use and apply, seeking to respond in an integrated and global way to the needs of the construction and rehabilitation market. These solutions are designed and applied in order to contribute and strengthen the safety, the aesthetic end result of the building and to meet the specific needs of our customers and users.<\/span><\/p>\n<p><span style=\"font-weight: 400;\">\u00a0<\/span><span style=\"font-weight: 400;\">We continuously study and improve our work processes and logistics so that we do so with the greatest speed and flexibility, seeking to satisfy our customers in a more integrated way.<\/span><\/p>\n<p><span style=\"font-weight: 400;\">Since 2008 we have made huge investments in the international promotion of our products. We are currently exporting to the whole of the European Union and to some countries in Africa. We aim to create a network of representatives in priority foreign markets. It is in industrial activity that, as far as we know, the process of quality of our products begins, so we have dominated the entire manufacturing process. The great focus on differentiation is also made by the certification of all its products, which guarantees all its quality, efficiency and safety for the customer.<\/span>[\/vc_column_text][\/vc_column][\/vc_row][vc_row rt_row_background_width=&#8221;default&#8221; rt_row_style=&#8221;default-style&#8221; rt_row_borders=&#8221;&#8221; rt_grid=&#8221;true&#8221; rt_row_paddings=&#8221;true&#8221; rt_bg_effect=&#8221;classic&#8221; rt_bg_image_repeat=&#8221;repeat&#8221; rt_bg_size=&#8221;cover&#8221; rt_bg_position=&#8221;right top&#8221; rt_bg_attachment=&#8221;scroll&#8221; rt_bg_video_format=&#8221;self-hosted&#8221;][vc_column width=&#8221;1\/2&#8243; rt_wrp_col_paddings=&#8221;false&#8221; rt_border_top=&#8221;&#8221; rt_border_bottom=&#8221;&#8221; rt_border_left=&#8221;&#8221; rt_border_right=&#8221;&#8221; rt_border_top_mobile=&#8221;&#8221; rt_border_bottom_mobile=&#8221;&#8221; rt_border_left_mobile=&#8221;&#8221; rt_border_right_mobile=&#8221;&#8221; rt_bg_image_repeat=&#8221;repeat&#8221; rt_bg_size=&#8221;auto auto&#8221; rt_bg_position=&#8221;right top&#8221; rt_bg_attachment=&#8221;scroll&#8221;]<div class=\"rt_heading_wrapper style-1\">\n\t\t\t\t\t\t<h4 class=\"rt_heading  style-1\" >Pol\u00edtica de Qualidade<\/h4>\n\t\t\t\t\t<\/div>[vc_column_text]<span style=\"font-weight: 400;\">Expal \u2013 Ind\u00fastria de Caixilharia de Alum\u00ednio, Lda, being a reference company in the national market of aluminum frames, is aware of its responsibility in managing the Quality of its products and services.<\/span><span style=\"font-weight: 400;\">\u00a0<\/span><\/p>\n<p><span style=\"font-weight: 400;\">Aiming at the success of the company, in the long term, and reflecting a place among the market leaders of which it is part and the improvement in all aspects of its business, in order to achieve high levels of performance that recognize it as a preferred company in Quality, EXPAL undertakes to:<\/span><span style=\"font-weight: 400;\">\u00a0<\/span><\/p>\n<ul>\n<li><span style=\"font-weight: 400;\">Increase customer satisfaction by providing them with products and services that meet their needs and expectations in order to establish a mutual relationship of trust and loyalty.<\/span><\/li>\n<li><span style=\"font-weight: 400;\">Comply with the laws and regulations applicable to your activities and products.<\/span><\/li>\n<li><span style=\"font-weight: 400;\">Promote the commitment, skills and knowledge of employees for the performance of their individual and collective duties in improving the quality of products and services.<\/span><\/li>\n<li><span style=\"font-weight: 400;\">Include Quality objectives in the company&#8217;s strategy, measuring and evaluating the results obtained to ensure the effectiveness and improvement of the Quality Management System.<\/span><\/li>\n<li><span style=\"font-weight: 400;\">Inform, in a responsible and transparent way, the company&#8217;s employees about the performance of the QMS.<\/span><\/li>\n<\/ul>\n<p><span style=\"font-weight: 400;\">EXPAL is therefore a Company committed to generating value for the region where it is located, consisting of a motivated, competent and innovative team, which intends above all to exceed the expectations of its customers and relevant stakeholders, producing products with increasing quality.<\/span>[\/vc_column_text][\/vc_column][vc_column width=&#8221;1\/2&#8243; rt_wrp_col_paddings=&#8221;false&#8221; rt_border_top=&#8221;&#8221; rt_border_bottom=&#8221;&#8221; rt_border_left=&#8221;&#8221; rt_border_right=&#8221;&#8221; rt_border_top_mobile=&#8221;&#8221; rt_border_bottom_mobile=&#8221;&#8221; rt_border_left_mobile=&#8221;&#8221; rt_border_right_mobile=&#8221;&#8221; rt_bg_image_repeat=&#8221;repeat&#8221; rt_bg_size=&#8221;auto auto&#8221; rt_bg_position=&#8221;right top&#8221; rt_bg_attachment=&#8221;scroll&#8221;]<div class=\"rt_heading_wrapper style-1\">\n\t\t\t\t\t\t<h4 class=\"rt_heading  style-1\" >Tecnologia e Inova\u00e7\u00e3o<\/h4>\n\t\t\t\t\t<\/div>[vc_column_text]<span style=\"font-weight: 400;\">Expal has a technical department with highly qualified personnel and the most modern CAD\/CAE\/CAM equipment (design, engineering, calculation and computer-assisted manufacturing), a manufacturing unit with technologically advanced equipment and a production department with about 50 technicians specialized in the manufacture and assembly of frames.<\/span><\/p>\n<p><span style=\"font-weight: 400;\">The design of the series marketed is developed by EXPAL, translating into exclusive series, however we also have at disposal series of reputable companies such as Portalex, Sapa, being official installers of Cortizo.<\/span><\/p>\n<p><span style=\"font-weight: 400;\">Expal&#8217;s mission is to produce Quality products that fully satisfy the customer, ensuring the company&#8217;s long-term success, and a place among the leaders of the market where we are inserted.<\/span><\/p>\n<p><span style=\"font-weight: 400;\">Expal has its Quality Management system certified by ISO 9001:2015.<\/span>[\/vc_column_text][\/vc_column][\/vc_row][vc_row rt_row_background_width=&#8221;default&#8221; rt_row_style=&#8221;default-style&#8221; rt_row_borders=&#8221;top,bottom&#8221; rt_row_paddings=&#8221;true&#8221; rt_bg_effect=&#8221;classic&#8221; rt_bg_image_repeat=&#8221;no-repeat&#8221; rt_bg_size=&#8221;cover&#8221; rt_bg_position=&#8221;right top&#8221; rt_bg_attachment=&#8221;fixed&#8221; rt_bg_video_format=&#8221;self-hosted&#8221; rt_padding_top=&#8221;60&#8243; rt_padding_bottom=&#8221;60&#8243;][vc_column rt_wrp_col_paddings=&#8221;false&#8221; rt_border_top=&#8221;&#8221; rt_border_bottom=&#8221;&#8221; rt_border_left=&#8221;&#8221; rt_border_right=&#8221;&#8221; rt_border_top_mobile=&#8221;&#8221; rt_border_bottom_mobile=&#8221;&#8221; rt_border_left_mobile=&#8221;&#8221; rt_border_right_mobile=&#8221;&#8221; rt_bg_image_repeat=&#8221;repeat&#8221; rt_bg_size=&#8221;auto auto&#8221; rt_bg_position=&#8221;right top&#8221; rt_bg_attachment=&#8221;scroll&#8221;]<div class=\"rt_heading_wrapper style-4\">\n\t\t\t\t\t\t<h4 class=\"rt_heading  style-4\" >A Nossa Hist\u00f3ria<\/h4>\n\t\t\t\t\t<\/div>[vc_column_text css=&#8221;.vc_custom_1598965931417{padding-right: 20% !important;padding-bottom: 40px !important;padding-left: 20% !important;}&#8221;]<span style=\"font-weight: 400;\">EXPAL \u2013 Ind\u00fastria de Caixilharia de Alum\u00ednios, Lda, was founded on October 16, 1983, in the town of Gateiras de Santo Ant\u00f3nio, Torres Novas. Directed to the aluminum frames, designing and producing, EXPAL has a large distribution area that extends throughout the country. The entrepreneurial spirit of its founder, combined with the professionalism of its employees, as well as the investment in innovation and new technologies, boosted the company, transforming it, in a short time, into a market-leading company.<\/span>[\/vc_column_text]\t \n\t\t<section  class=\"timeline  \">\n\t\t\t \n\t\t<div  >\n\t\t\t \n\t\t<span class=\"event-date\">\n\t\t\t<span class=\"day\"><\/span>\n\t\t\t<span class=\"month\">ANOS 80<\/span>\n\t\t\t<span class=\"year\"><\/span>\n\t\t<\/span>\n\t<div class=\"event-details\"><p style=\"text-align: left;\">Cria\u00e7\u00e3o da Empresa<br \/>\nConcep\u00e7\u00e3o de s\u00e9ries pr\u00f3prias, com especial desenvolvimento do design das portas<\/p>\n<\/div>\n\t\t<\/div>\n\t\t \n\t\t<div  >\n\t\t\t \n\t\t<span class=\"event-date\">\n\t\t\t<span class=\"day\"><\/span>\n\t\t\t<span class=\"month\">ANOS 90<\/span>\n\t\t\t<span class=\"year\"><\/span>\n\t\t<\/span>\n\t<div class=\"event-details\"><p>Consolida\u00e7\u00e3o no mercado, com s\u00e9ries pr\u00f3prias em que o principal diferencial \u00e9 a qualidade<br \/>\nAmplia\u00e7\u00e3o da f\u00e1brica<br \/>\nCria\u00e7\u00e3o da sec\u00e7\u00e3o de lacagem<br \/>\nAquisi\u00e7\u00e3o de um centro de maquina\u00e7\u00e3o<br \/>\nInformatiza\u00e7\u00e3o dos processos em rede com a produ\u00e7\u00e3o<\/p>\n<\/div>\n\t\t<\/div>\n\t\t \n\t\t<div  >\n\t\t\t \n\t\t<span class=\"event-date\">\n\t\t\t<span class=\"day\"><\/span>\n\t\t\t<span class=\"month\">ANOS 2000<\/span>\n\t\t\t<span class=\"year\"><\/span>\n\t\t<\/span>\n\t<div class=\"event-details\"><p style=\"text-align: left;\">Novos produtos: Jardins de Inverno e coberturas de piscinas<br \/>\nAmplia\u00e7\u00e3o da f\u00e1brica<br \/>\nAquisi\u00e7\u00e3o de robots para a produ\u00e7\u00e3o<br \/>\nSubstitui\u00e7\u00e3o da sec\u00e7\u00e3o de lacagem, por uma robotizada com novas funcionalidades<br \/>\nCertifica\u00e7\u00e3o do seu sistema de qualidade pelas normas ISO 9001:2000<\/p>\n<\/div>\n\t\t<\/div>\n\t\t \n\t\t<div  >\n\t\t\t \n\t\t<span class=\"event-date\">\n\t\t\t<span class=\"day\"><\/span>\n\t\t\t<span class=\"month\">2008<\/span>\n\t\t\t<span class=\"year\"><\/span>\n\t\t<\/span>\n\t<div class=\"event-details\"><p>Renova\u00e7\u00e3o do certificado do seu sistema de qualidade pela norma ISO:9001:2008.<br \/>\nNovo Produto: Port\u00f5es de Alum\u00ednio de abrir e correr.<br \/>\nPromo\u00e7\u00e3o Internacional: exporta\u00e7\u00e3o para toda a Uni\u00e3o Europeia e para alguns pa\u00edses de \u00c1frica.<br \/>\nRede de representantes em mercados externos priorit\u00e1rios.<\/p>\n<\/div>\n\t\t<\/div>\n\t\t \n\t\t<div  >\n\t\t\t \n\t\t<span class=\"event-date\">\n\t\t\t<span class=\"day\"><\/span>\n\t\t\t<span class=\"month\"><\/span>\n\t\t\t<span class=\"year\">2020<\/span>\n\t\t<\/span>\n\t<div class=\"event-details\"><p style=\"text-align: left;\">Aumento da capacidade de produ\u00e7\u00e3o com uma nova m\u00e1quina cnc de 5 eixos.<br \/>\nMelhoramento da capacidade de lacagem com uma nova cabine de \u00faltima gera\u00e7\u00e3o.<br \/>\nInvestimento no mercado externo com comercializa\u00e7\u00e3o de novos produtos.<br \/>\nInvestimento em obras de grande dimens\u00e3o no mercado interno.<\/p>\n<\/div>\n\t\t<\/div>\n\t\n\t\t<\/section>\n\t[\/vc_column][\/vc_row]<\/p>\n","protected":false},"excerpt":{"rendered":"<p>[vc_row rt_row_background_width=&#8221;fullwidth&#8221; rt_row_content_width=&#8221;default&#8221; rt_row_style=&#8221;default-style&#8221; rt_row_borders=&#8221;&#8221; rt_row_paddings=&#8221;true&#8221; rt_bg_image=&#8221;3893&#8243; rt_bg_effect=&#8221;classic&#8221; rt_bg_image_repeat=&#8221;repeat&#8221; rt_bg_size=&#8221;cover&#8221; rt_bg_position=&#8221;center center&#8221; rt_bg_attachment=&#8221;scroll&#8221; rt_bg_video_format=&#8221;self-hosted&#8221; rt_padding_top=&#8221;100&#8243; rt_padding_bottom=&#8221;140&#8243;][vc_column rt_wrp_col_paddings=&#8221;false&#8221; rt_border_top=&#8221;&#8221; rt_border_bottom=&#8221;&#8221; rt_border_left=&#8221;&#8221; rt_border_right=&#8221;&#8221; rt_border_top_mobile=&#8221;&#8221; rt_border_bottom_mobile=&#8221;&#8221; rt_border_left_mobile=&#8221;&#8221; rt_border_right_mobile=&#8221;&#8221; rt_bg_image_repeat=&#8221;repeat&#8221; rt_bg_size=&#8221;auto auto&#8221; rt_bg_position=&#8221;right top&#8221; rt_bg_attachment=&#8221;scroll&#8221;][\/vc_column][\/vc_row][vc_row rt_row_background_width=&#8221;default&#8221; rt_row_style=&#8221;default-style&#8221; rt_row_borders=&#8221;bottom&#8221; rt_overlap=&#8221;true&#8221; rt_row_paddings=&#8221;true&#8221; rt_bg_effect=&#8221;classic&#8221; rt_bg_image_repeat=&#8221;repeat&#8221; rt_bg_size=&#8221;cover&#8221; rt_bg_position=&#8221;right top&#8221; rt_bg_attachment=&#8221;scroll&#8221; rt_bg_video_format=&#8221;self-hosted&#8221;][vc_column rt_wrp_col_paddings=&#8221;false&#8221; rt_border_top=&#8221;&#8221; rt_border_bottom=&#8221;&#8221; rt_border_left=&#8221;&#8221; rt_border_right=&#8221;&#8221; rt_border_top_mobile=&#8221;&#8221; rt_border_bottom_mobile=&#8221;&#8221; rt_border_left_mobile=&#8221;&#8221; rt_border_right_mobile=&#8221;&#8221; rt_bg_image_repeat=&#8221;repeat&#8221; rt_bg_size=&#8221;auto auto&#8221; [&hellip;]<\/p>\n","protected":false},"author":1,"featured_media":0,"parent":0,"menu_order":0,"comment_status":"open","ping_status":"open","template":"","meta":{"inline_featured_image":false,"footnotes":""},"class_list":["post-4245","page","type-page","status-publish","hentry"],"_links":{"self":[{"href":"https:\/\/www.expal.pt\/en\/wp-json\/wp\/v2\/pages\/4245","targetHints":{"allow":["GET"]}}],"collection":[{"href":"https:\/\/www.expal.pt\/en\/wp-json\/wp\/v2\/pages"}],"about":[{"href":"https:\/\/www.expal.pt\/en\/wp-json\/wp\/v2\/types\/page"}],"author":[{"embeddable":true,"href":"https:\/\/www.expal.pt\/en\/wp-json\/wp\/v2\/users\/1"}],"replies":[{"embeddable":true,"href":"https:\/\/www.expal.pt\/en\/wp-json\/wp\/v2\/comments?post=4245"}],"version-history":[{"count":0,"href":"https:\/\/www.expal.pt\/en\/wp-json\/wp\/v2\/pages\/4245\/revisions"}],"wp:attachment":[{"href":"https:\/\/www.expal.pt\/en\/wp-json\/wp\/v2\/media?parent=4245"}],"curies":[{"name":"wp","href":"https:\/\/api.w.org\/{rel}","templated":true}]}}